{"id":829,"date":"2021-03-22T12:49:12","date_gmt":"2021-03-17T12:44:44","guid":{"rendered":"http:\/\/quicksaltusa.com\/product\/by-pass-kit-optional\/"},"modified":"2023-11-07T15:04:29","modified_gmt":"2023-11-07T15:04:29","slug":"kit-by-pass-celula-opcional","status":"publish","type":"product","link":"https:\/\/quicksaltusa.com\/es\/producto\/kit-by-pass-celula-opcional\/","title":{"rendered":"Kit By-Pass c\u00e9lula &#8211; Opcional"},"content":{"rendered":"<p>Ayudar\u00e1 a regular el flujo en paso en las tuber\u00edas de la instalaci\u00f3n. Permitir\u00e1 aislar el circuito a la hora de realizar mantenimiento del mismo.<\/p>\n","protected":false},"excerpt":{"rendered":"<p>Ayudar\u00e1 a regular el flujo en paso en las tuber\u00edas de la instalaci\u00f3n. Permitir\u00e1 aislar el circuito a la hora de realizar mantenimiento del mismo.<\/p>\n","protected":false},"featured_media":815,"comment_status":"open","ping_status":"closed","template":"","meta":[],"yoast_head":"<!-- This site is optimized with the Yoast SEO plugin v15.8 - https:\/\/yoast.com\/wordpress\/plugins\/seo\/ -->\n<title>Kit By-Pass c\u00e9lula - Opcional - Quicksalt<\/title>\n<meta name=\"description\" content=\"Kit By-Pass con celda opcional QuickSalt. Mejora tu sistema de cloraci\u00f3n salina de forma sencilla y efectiva.\" \/>\n<meta name=\"robots\" content=\"index, follow, max-snippet:-1, max-image-preview:large, max-video-preview:-1\" \/>\n<link rel=\"canonical\" href=\"https:\/\/quicksaltusa.com\/es\/producto\/kit-by-pass-celula-opcional\/\" \/>\n<meta property=\"og:locale\" content=\"es_ES\" \/>\n<meta property=\"og:type\" content=\"article\" \/>\n<meta property=\"og:title\" content=\"Kit By-Pass c\u00e9lula - Opcional - Quicksalt\" \/>\n<meta property=\"og:description\" content=\"Kit By-Pass con celda opcional QuickSalt. Mejora tu sistema de cloraci\u00f3n salina de forma sencilla y efectiva.\" \/>\n<meta property=\"og:url\" content=\"https:\/\/quicksaltusa.com\/es\/producto\/kit-by-pass-celula-opcional\/\" \/>\n<meta property=\"og:site_name\" content=\"Quicksalt\" \/>\n<meta property=\"article:modified_time\" content=\"2023-11-07T15:04:29+00:00\" \/>\n<meta property=\"og:image\" content=\"https:\/\/quicksaltusa.com\/wp-content\/uploads\/2021\/03\/01_Quicksalt_Foto_producte_229x229_05.jpg\" \/>\n\t<meta property=\"og:image:width\" content=\"229\" \/>\n\t<meta property=\"og:image:height\" content=\"229\" \/>\n<meta name=\"twitter:card\" content=\"summary_large_image\" \/>\n<meta name=\"twitter:label1\" content=\"Tiempo de lectura\">\n\t<meta name=\"twitter:data1\" content=\"1 minuto\">\n<script type=\"application\/ld+json\" class=\"yoast-schema-graph\">{\"@context\":\"https:\/\/schema.org\",\"@graph\":[{\"@type\":\"WebSite\",\"@id\":\"https:\/\/quicksaltusa.com\/#website\",\"url\":\"https:\/\/quicksaltusa.com\/\",\"name\":\"Quicksalt\",\"description\":\"\",\"potentialAction\":[{\"@type\":\"SearchAction\",\"target\":\"https:\/\/quicksaltusa.com\/?s={search_term_string}\",\"query-input\":\"required name=search_term_string\"}],\"inLanguage\":\"es\"},{\"@type\":\"ImageObject\",\"@id\":\"https:\/\/quicksaltusa.com\/es\/producto\/kit-by-pass-celula-opcional\/#primaryimage\",\"inLanguage\":\"es\",\"url\":\"https:\/\/quicksaltusa.com\/wp-content\/uploads\/2021\/03\/01_Quicksalt_Foto_producte_229x229_05.jpg\",\"width\":229,\"height\":229},{\"@type\":\"WebPage\",\"@id\":\"https:\/\/quicksaltusa.com\/es\/producto\/kit-by-pass-celula-opcional\/#webpage\",\"url\":\"https:\/\/quicksaltusa.com\/es\/producto\/kit-by-pass-celula-opcional\/\",\"name\":\"Kit By-Pass c\\u00e9lula - Opcional - Quicksalt\",\"isPartOf\":{\"@id\":\"https:\/\/quicksaltusa.com\/#website\"},\"primaryImageOfPage\":{\"@id\":\"https:\/\/quicksaltusa.com\/es\/producto\/kit-by-pass-celula-opcional\/#primaryimage\"},\"datePublished\":\"2021-03-17T12:44:44+00:00\",\"dateModified\":\"2023-11-07T15:04:29+00:00\",\"description\":\"Kit By-Pass con celda opcional QuickSalt. Mejora tu sistema de cloraci\\u00f3n salina de forma sencilla y efectiva.\",\"breadcrumb\":{\"@id\":\"https:\/\/quicksaltusa.com\/es\/producto\/kit-by-pass-celula-opcional\/#breadcrumb\"},\"inLanguage\":\"es\",\"potentialAction\":[{\"@type\":\"ReadAction\",\"target\":[\"https:\/\/quicksaltusa.com\/es\/producto\/kit-by-pass-celula-opcional\/\"]}]},{\"@type\":\"BreadcrumbList\",\"@id\":\"https:\/\/quicksaltusa.com\/es\/producto\/kit-by-pass-celula-opcional\/#breadcrumb\",\"itemListElement\":[{\"@type\":\"ListItem\",\"position\":1,\"item\":{\"@type\":\"WebPage\",\"@id\":\"https:\/\/quicksaltusa.com\/es\/\",\"url\":\"https:\/\/quicksaltusa.com\/es\/\",\"name\":\"Portada\"}},{\"@type\":\"ListItem\",\"position\":2,\"item\":{\"@type\":\"WebPage\",\"@id\":\"https:\/\/quicksaltusa.com\/?page_id=31\",\"url\":\"https:\/\/quicksaltusa.com\/?page_id=31\",\"name\":\"Shop\"}},{\"@type\":\"ListItem\",\"position\":3,\"item\":{\"@type\":\"WebPage\",\"@id\":\"https:\/\/quicksaltusa.com\/es\/producto\/kit-by-pass-celula-opcional\/\",\"url\":\"https:\/\/quicksaltusa.com\/es\/producto\/kit-by-pass-celula-opcional\/\",\"name\":\"Kit By-Pass c\\u00e9lula &#8211; Opcional\"}}]}]}<\/script>\n<!-- \/ Yoast SEO plugin. -->","_links":{"self":[{"href":"https:\/\/quicksaltusa.com\/es\/wp-json\/wp\/v2\/product\/829"}],"collection":[{"href":"https:\/\/quicksaltusa.com\/es\/wp-json\/wp\/v2\/product"}],"about":[{"href":"https:\/\/quicksaltusa.com\/es\/wp-json\/wp\/v2\/types\/product"}],"replies":[{"embeddable":true,"href":"https:\/\/quicksaltusa.com\/es\/wp-json\/wp\/v2\/comments?post=829"}],"wp:featuredmedia":[{"embeddable":true,"href":"https:\/\/quicksaltusa.com\/es\/wp-json\/wp\/v2\/media\/815"}],"wp:attachment":[{"href":"https:\/\/quicksaltusa.com\/es\/wp-json\/wp\/v2\/media?parent=829"}],"curies":[{"name":"wp","href":"https:\/\/api.w.org\/{rel}","templated":true}]}}