{"id":780,"date":"2021-03-17T12:40:32","date_gmt":"2021-03-17T12:40:32","guid":{"rendered":"http:\/\/quicksaltusa.com\/?post_type=product&#038;p=780"},"modified":"2023-11-07T15:02:20","modified_gmt":"2023-11-07T15:02:20","slug":"extensor-cable-celula","status":"publish","type":"product","link":"https:\/\/quicksaltusa.com\/es\/producto\/extensor-cable-celula\/","title":{"rendered":"Extensor del Cable de la C\u00e9lula"},"content":{"rendered":"<p>Incluido con el equipo. En caso de que se desee instalar la centralita en la pared, separada de la c\u00e9lula.<\/p>\n","protected":false},"excerpt":{"rendered":"<p>Incluido con el equipo. En caso de que se desee instalar la centralita en la pared, separada de la c\u00e9lula.<\/p>\n","protected":false},"featured_media":782,"comment_status":"open","ping_status":"closed","template":"","meta":[],"yoast_head":"<!-- This site is optimized with the Yoast SEO plugin v15.8 - https:\/\/yoast.com\/wordpress\/plugins\/seo\/ -->\n<title>Extensor del Cable de la C\u00e9lula - Quicksalt<\/title>\n<meta name=\"description\" content=\"Extensor de cable de c\u00e9lula QuickSalt: Ampl\u00eda el alcance del cable de tu clorador salino para una instalaci\u00f3n y operaci\u00f3n c\u00f3moda. \u00a1Actual\u00edzate!\" \/>\n<meta name=\"robots\" content=\"index, follow, max-snippet:-1, max-image-preview:large, max-video-preview:-1\" \/>\n<link rel=\"canonical\" href=\"https:\/\/quicksaltusa.com\/es\/producto\/extensor-cable-celula\/\" \/>\n<meta property=\"og:locale\" content=\"es_ES\" \/>\n<meta property=\"og:type\" content=\"article\" \/>\n<meta property=\"og:title\" content=\"Extensor del Cable de la C\u00e9lula - Quicksalt\" \/>\n<meta property=\"og:description\" content=\"Extensor de cable de c\u00e9lula QuickSalt: Ampl\u00eda el alcance del cable de tu clorador salino para una instalaci\u00f3n y operaci\u00f3n c\u00f3moda. \u00a1Actual\u00edzate!\" \/>\n<meta property=\"og:url\" content=\"https:\/\/quicksaltusa.com\/es\/producto\/extensor-cable-celula\/\" \/>\n<meta property=\"og:site_name\" content=\"Quicksalt\" \/>\n<meta property=\"article:modified_time\" content=\"2023-11-07T15:02:20+00:00\" \/>\n<meta property=\"og:image\" content=\"https:\/\/quicksaltusa.com\/wp-content\/uploads\/2021\/03\/001_ExtensorCable_229x229.png\" \/>\n\t<meta property=\"og:image:width\" content=\"229\" \/>\n\t<meta property=\"og:image:height\" content=\"229\" \/>\n<meta name=\"twitter:card\" content=\"summary_large_image\" \/>\n<meta name=\"twitter:label1\" content=\"Tiempo de lectura\">\n\t<meta name=\"twitter:data1\" content=\"1 minuto\">\n<script type=\"application\/ld+json\" class=\"yoast-schema-graph\">{\"@context\":\"https:\/\/schema.org\",\"@graph\":[{\"@type\":\"WebSite\",\"@id\":\"https:\/\/quicksaltusa.com\/#website\",\"url\":\"https:\/\/quicksaltusa.com\/\",\"name\":\"Quicksalt\",\"description\":\"\",\"potentialAction\":[{\"@type\":\"SearchAction\",\"target\":\"https:\/\/quicksaltusa.com\/?s={search_term_string}\",\"query-input\":\"required name=search_term_string\"}],\"inLanguage\":\"es\"},{\"@type\":\"ImageObject\",\"@id\":\"https:\/\/quicksaltusa.com\/es\/producto\/extensor-cable-celula\/#primaryimage\",\"inLanguage\":\"es\",\"url\":\"https:\/\/quicksaltusa.com\/wp-content\/uploads\/2021\/03\/001_ExtensorCable_229x229.png\",\"width\":229,\"height\":229},{\"@type\":\"WebPage\",\"@id\":\"https:\/\/quicksaltusa.com\/es\/producto\/extensor-cable-celula\/#webpage\",\"url\":\"https:\/\/quicksaltusa.com\/es\/producto\/extensor-cable-celula\/\",\"name\":\"Extensor del Cable de la C\\u00e9lula - Quicksalt\",\"isPartOf\":{\"@id\":\"https:\/\/quicksaltusa.com\/#website\"},\"primaryImageOfPage\":{\"@id\":\"https:\/\/quicksaltusa.com\/es\/producto\/extensor-cable-celula\/#primaryimage\"},\"datePublished\":\"2021-03-17T12:40:32+00:00\",\"dateModified\":\"2023-11-07T15:02:20+00:00\",\"description\":\"Extensor de cable de c\\u00e9lula QuickSalt: Ampl\\u00eda el alcance del cable de tu clorador salino para una instalaci\\u00f3n y operaci\\u00f3n c\\u00f3moda. \\u00a1Actual\\u00edzate!\",\"breadcrumb\":{\"@id\":\"https:\/\/quicksaltusa.com\/es\/producto\/extensor-cable-celula\/#breadcrumb\"},\"inLanguage\":\"es\",\"potentialAction\":[{\"@type\":\"ReadAction\",\"target\":[\"https:\/\/quicksaltusa.com\/es\/producto\/extensor-cable-celula\/\"]}]},{\"@type\":\"BreadcrumbList\",\"@id\":\"https:\/\/quicksaltusa.com\/es\/producto\/extensor-cable-celula\/#breadcrumb\",\"itemListElement\":[{\"@type\":\"ListItem\",\"position\":1,\"item\":{\"@type\":\"WebPage\",\"@id\":\"https:\/\/quicksaltusa.com\/es\/\",\"url\":\"https:\/\/quicksaltusa.com\/es\/\",\"name\":\"Portada\"}},{\"@type\":\"ListItem\",\"position\":2,\"item\":{\"@type\":\"WebPage\",\"@id\":\"https:\/\/quicksaltusa.com\/?page_id=31\",\"url\":\"https:\/\/quicksaltusa.com\/?page_id=31\",\"name\":\"Shop\"}},{\"@type\":\"ListItem\",\"position\":3,\"item\":{\"@type\":\"WebPage\",\"@id\":\"https:\/\/quicksaltusa.com\/es\/producto\/extensor-cable-celula\/\",\"url\":\"https:\/\/quicksaltusa.com\/es\/producto\/extensor-cable-celula\/\",\"name\":\"Extensor del Cable de la C\\u00e9lula\"}}]}]}<\/script>\n<!-- \/ Yoast SEO plugin. -->","_links":{"self":[{"href":"https:\/\/quicksaltusa.com\/es\/wp-json\/wp\/v2\/product\/780"}],"collection":[{"href":"https:\/\/quicksaltusa.com\/es\/wp-json\/wp\/v2\/product"}],"about":[{"href":"https:\/\/quicksaltusa.com\/es\/wp-json\/wp\/v2\/types\/product"}],"replies":[{"embeddable":true,"href":"https:\/\/quicksaltusa.com\/es\/wp-json\/wp\/v2\/comments?post=780"}],"wp:featuredmedia":[{"embeddable":true,"href":"https:\/\/quicksaltusa.com\/es\/wp-json\/wp\/v2\/media\/782"}],"wp:attachment":[{"href":"https:\/\/quicksaltusa.com\/es\/wp-json\/wp\/v2\/media?parent=780"}],"curies":[{"name":"wp","href":"https:\/\/api.w.org\/{rel}","templated":true}]}}