{"id":776,"date":"2021-03-17T12:37:25","date_gmt":"2021-03-17T12:37:25","guid":{"rendered":"http:\/\/quicksaltusa.com\/?post_type=product&#038;p=776"},"modified":"2023-11-07T14:52:30","modified_gmt":"2023-11-07T14:52:30","slug":"vaso-celula","status":"publish","type":"product","link":"https:\/\/quicksaltusa.com\/es\/producto\/vaso-celula\/","title":{"rendered":"Vaso c\u00e9lula"},"content":{"rendered":"<p>Incluido con el equipo. Mantendr\u00e1 la c\u00e9lula del clorador protegida y preservar\u00e1 la vida \u00fatil de la misma. No contiene las placas de titanio.<\/p>\n","protected":false},"excerpt":{"rendered":"<p>Incluido con el equipo. Mantendr\u00e1 la c\u00e9lula del clorador protegida y preservar\u00e1 la vida \u00fatil de la misma. No contiene las placas de titanio.<\/p>\n","protected":false},"featured_media":778,"comment_status":"open","ping_status":"closed","template":"","meta":[],"yoast_head":"<!-- This site is optimized with the Yoast SEO plugin v15.8 - https:\/\/yoast.com\/wordpress\/plugins\/seo\/ -->\n<title>Vaso c\u00e9lula - Quicksalt<\/title>\n<meta name=\"description\" content=\"Vaso de c\u00e9lula QuickSalt: Garantiza la eficacia y durabilidad de tu clorador salino con este componente esencial.\" \/>\n<meta name=\"robots\" content=\"index, follow, max-snippet:-1, max-image-preview:large, max-video-preview:-1\" \/>\n<link rel=\"canonical\" href=\"https:\/\/quicksaltusa.com\/es\/producto\/vaso-celula\/\" \/>\n<meta property=\"og:locale\" content=\"es_ES\" \/>\n<meta property=\"og:type\" content=\"article\" \/>\n<meta property=\"og:title\" content=\"Vaso c\u00e9lula - Quicksalt\" \/>\n<meta property=\"og:description\" content=\"Vaso de c\u00e9lula QuickSalt: Garantiza la eficacia y durabilidad de tu clorador salino con este componente esencial.\" \/>\n<meta property=\"og:url\" content=\"https:\/\/quicksaltusa.com\/es\/producto\/vaso-celula\/\" \/>\n<meta property=\"og:site_name\" content=\"Quicksalt\" \/>\n<meta property=\"article:modified_time\" content=\"2023-11-07T14:52:30+00:00\" \/>\n<meta property=\"og:image\" content=\"https:\/\/quicksaltusa.com\/wp-content\/uploads\/2021\/03\/001_VasoCelula_229x229.png\" \/>\n\t<meta property=\"og:image:width\" content=\"229\" \/>\n\t<meta property=\"og:image:height\" content=\"229\" \/>\n<meta name=\"twitter:card\" content=\"summary_large_image\" \/>\n<meta name=\"twitter:label1\" content=\"Tiempo de lectura\">\n\t<meta name=\"twitter:data1\" content=\"1 minuto\">\n<script type=\"application\/ld+json\" class=\"yoast-schema-graph\">{\"@context\":\"https:\/\/schema.org\",\"@graph\":[{\"@type\":\"WebSite\",\"@id\":\"https:\/\/quicksaltusa.com\/#website\",\"url\":\"https:\/\/quicksaltusa.com\/\",\"name\":\"Quicksalt\",\"description\":\"\",\"potentialAction\":[{\"@type\":\"SearchAction\",\"target\":\"https:\/\/quicksaltusa.com\/?s={search_term_string}\",\"query-input\":\"required name=search_term_string\"}],\"inLanguage\":\"es\"},{\"@type\":\"ImageObject\",\"@id\":\"https:\/\/quicksaltusa.com\/es\/producto\/vaso-celula\/#primaryimage\",\"inLanguage\":\"es\",\"url\":\"https:\/\/quicksaltusa.com\/wp-content\/uploads\/2021\/03\/001_VasoCelula_229x229.png\",\"width\":229,\"height\":229},{\"@type\":\"WebPage\",\"@id\":\"https:\/\/quicksaltusa.com\/es\/producto\/vaso-celula\/#webpage\",\"url\":\"https:\/\/quicksaltusa.com\/es\/producto\/vaso-celula\/\",\"name\":\"Vaso c\\u00e9lula - Quicksalt\",\"isPartOf\":{\"@id\":\"https:\/\/quicksaltusa.com\/#website\"},\"primaryImageOfPage\":{\"@id\":\"https:\/\/quicksaltusa.com\/es\/producto\/vaso-celula\/#primaryimage\"},\"datePublished\":\"2021-03-17T12:37:25+00:00\",\"dateModified\":\"2023-11-07T14:52:30+00:00\",\"description\":\"Vaso de c\\u00e9lula QuickSalt: Garantiza la eficacia y durabilidad de tu clorador salino con este componente esencial.\",\"breadcrumb\":{\"@id\":\"https:\/\/quicksaltusa.com\/es\/producto\/vaso-celula\/#breadcrumb\"},\"inLanguage\":\"es\",\"potentialAction\":[{\"@type\":\"ReadAction\",\"target\":[\"https:\/\/quicksaltusa.com\/es\/producto\/vaso-celula\/\"]}]},{\"@type\":\"BreadcrumbList\",\"@id\":\"https:\/\/quicksaltusa.com\/es\/producto\/vaso-celula\/#breadcrumb\",\"itemListElement\":[{\"@type\":\"ListItem\",\"position\":1,\"item\":{\"@type\":\"WebPage\",\"@id\":\"https:\/\/quicksaltusa.com\/es\/\",\"url\":\"https:\/\/quicksaltusa.com\/es\/\",\"name\":\"Portada\"}},{\"@type\":\"ListItem\",\"position\":2,\"item\":{\"@type\":\"WebPage\",\"@id\":\"https:\/\/quicksaltusa.com\/?page_id=31\",\"url\":\"https:\/\/quicksaltusa.com\/?page_id=31\",\"name\":\"Shop\"}},{\"@type\":\"ListItem\",\"position\":3,\"item\":{\"@type\":\"WebPage\",\"@id\":\"https:\/\/quicksaltusa.com\/es\/producto\/vaso-celula\/\",\"url\":\"https:\/\/quicksaltusa.com\/es\/producto\/vaso-celula\/\",\"name\":\"Vaso c\\u00e9lula\"}}]}]}<\/script>\n<!-- \/ Yoast SEO plugin. -->","_links":{"self":[{"href":"https:\/\/quicksaltusa.com\/es\/wp-json\/wp\/v2\/product\/776"}],"collection":[{"href":"https:\/\/quicksaltusa.com\/es\/wp-json\/wp\/v2\/product"}],"about":[{"href":"https:\/\/quicksaltusa.com\/es\/wp-json\/wp\/v2\/types\/product"}],"replies":[{"embeddable":true,"href":"https:\/\/quicksaltusa.com\/es\/wp-json\/wp\/v2\/comments?post=776"}],"wp:featuredmedia":[{"embeddable":true,"href":"https:\/\/quicksaltusa.com\/es\/wp-json\/wp\/v2\/media\/778"}],"wp:attachment":[{"href":"https:\/\/quicksaltusa.com\/es\/wp-json\/wp\/v2\/media?parent=776"}],"curies":[{"name":"wp","href":"https:\/\/api.w.org\/{rel}","templated":true}]}}