{"id":772,"date":"2021-03-17T12:30:13","date_gmt":"2021-03-17T12:30:13","guid":{"rendered":"http:\/\/quicksaltusa.com\/?post_type=product&#038;p=772"},"modified":"2023-11-07T14:54:30","modified_gmt":"2023-11-07T14:54:30","slug":"celula-de-electrolisis","status":"publish","type":"product","link":"https:\/\/quicksaltusa.com\/es\/producto\/celula-de-electrolisis\/","title":{"rendered":"C\u00e9lula de electr\u00f3lisis"},"content":{"rendered":"<p>Tiene una vida aproximada de 11.000 horas de uso, en funci\u00f3n de la producci\u00f3n m\u00e1xima seleccionada en el equipo.<\/p>\n","protected":false},"excerpt":{"rendered":"<p>Tiene una vida aproximada de 11.000 horas de uso, en funci\u00f3n de la producci\u00f3n m\u00e1xima seleccionada en el equipo.<\/p>\n","protected":false},"featured_media":817,"comment_status":"open","ping_status":"closed","template":"","meta":[],"yoast_head":"<!-- This site is optimized with the Yoast SEO plugin v15.8 - https:\/\/yoast.com\/wordpress\/plugins\/seo\/ -->\n<title>C\u00e9lula de electr\u00f3lisis - Quicksalt<\/title>\n<meta name=\"description\" content=\"C\u00e9lula de electr\u00f3lisis QuickSalt: Descubre nuestra avanzada c\u00e9lula de sal para obtener agua de piscina eficiente y cristalina. Mejora tu mantenimiento.\" \/>\n<meta name=\"robots\" content=\"index, follow, max-snippet:-1, max-image-preview:large, max-video-preview:-1\" \/>\n<link rel=\"canonical\" href=\"https:\/\/quicksaltusa.com\/es\/producto\/celula-de-electrolisis\/\" \/>\n<meta property=\"og:locale\" content=\"es_ES\" \/>\n<meta property=\"og:type\" content=\"article\" \/>\n<meta property=\"og:title\" content=\"C\u00e9lula de electr\u00f3lisis - Quicksalt\" \/>\n<meta property=\"og:description\" content=\"C\u00e9lula de electr\u00f3lisis QuickSalt: Descubre nuestra avanzada c\u00e9lula de sal para obtener agua de piscina eficiente y cristalina. Mejora tu mantenimiento.\" \/>\n<meta property=\"og:url\" content=\"https:\/\/quicksaltusa.com\/es\/producto\/celula-de-electrolisis\/\" \/>\n<meta property=\"og:site_name\" content=\"Quicksalt\" \/>\n<meta property=\"article:modified_time\" content=\"2023-11-07T14:54:30+00:00\" \/>\n<meta property=\"og:image\" content=\"https:\/\/quicksaltusa.com\/wp-content\/uploads\/2021\/03\/01_Quicksalt_Foto_producte_229x229_09.jpg\" \/>\n\t<meta property=\"og:image:width\" content=\"229\" \/>\n\t<meta property=\"og:image:height\" content=\"229\" \/>\n<meta name=\"twitter:card\" content=\"summary_large_image\" \/>\n<meta name=\"twitter:label1\" content=\"Tiempo de lectura\">\n\t<meta name=\"twitter:data1\" content=\"1 minuto\">\n<script type=\"application\/ld+json\" class=\"yoast-schema-graph\">{\"@context\":\"https:\/\/schema.org\",\"@graph\":[{\"@type\":\"WebSite\",\"@id\":\"https:\/\/quicksaltusa.com\/#website\",\"url\":\"https:\/\/quicksaltusa.com\/\",\"name\":\"Quicksalt\",\"description\":\"\",\"potentialAction\":[{\"@type\":\"SearchAction\",\"target\":\"https:\/\/quicksaltusa.com\/?s={search_term_string}\",\"query-input\":\"required name=search_term_string\"}],\"inLanguage\":\"es\"},{\"@type\":\"ImageObject\",\"@id\":\"https:\/\/quicksaltusa.com\/es\/producto\/celula-de-electrolisis\/#primaryimage\",\"inLanguage\":\"es\",\"url\":\"https:\/\/quicksaltusa.com\/wp-content\/uploads\/2021\/03\/01_Quicksalt_Foto_producte_229x229_09.jpg\",\"width\":229,\"height\":229},{\"@type\":\"WebPage\",\"@id\":\"https:\/\/quicksaltusa.com\/es\/producto\/celula-de-electrolisis\/#webpage\",\"url\":\"https:\/\/quicksaltusa.com\/es\/producto\/celula-de-electrolisis\/\",\"name\":\"C\\u00e9lula de electr\\u00f3lisis - Quicksalt\",\"isPartOf\":{\"@id\":\"https:\/\/quicksaltusa.com\/#website\"},\"primaryImageOfPage\":{\"@id\":\"https:\/\/quicksaltusa.com\/es\/producto\/celula-de-electrolisis\/#primaryimage\"},\"datePublished\":\"2021-03-17T12:30:13+00:00\",\"dateModified\":\"2023-11-07T14:54:30+00:00\",\"description\":\"C\\u00e9lula de electr\\u00f3lisis QuickSalt: Descubre nuestra avanzada c\\u00e9lula de sal para obtener agua de piscina eficiente y cristalina. Mejora tu mantenimiento.\",\"breadcrumb\":{\"@id\":\"https:\/\/quicksaltusa.com\/es\/producto\/celula-de-electrolisis\/#breadcrumb\"},\"inLanguage\":\"es\",\"potentialAction\":[{\"@type\":\"ReadAction\",\"target\":[\"https:\/\/quicksaltusa.com\/es\/producto\/celula-de-electrolisis\/\"]}]},{\"@type\":\"BreadcrumbList\",\"@id\":\"https:\/\/quicksaltusa.com\/es\/producto\/celula-de-electrolisis\/#breadcrumb\",\"itemListElement\":[{\"@type\":\"ListItem\",\"position\":1,\"item\":{\"@type\":\"WebPage\",\"@id\":\"https:\/\/quicksaltusa.com\/es\/\",\"url\":\"https:\/\/quicksaltusa.com\/es\/\",\"name\":\"Portada\"}},{\"@type\":\"ListItem\",\"position\":2,\"item\":{\"@type\":\"WebPage\",\"@id\":\"https:\/\/quicksaltusa.com\/?page_id=31\",\"url\":\"https:\/\/quicksaltusa.com\/?page_id=31\",\"name\":\"Shop\"}},{\"@type\":\"ListItem\",\"position\":3,\"item\":{\"@type\":\"WebPage\",\"@id\":\"https:\/\/quicksaltusa.com\/es\/producto\/celula-de-electrolisis\/\",\"url\":\"https:\/\/quicksaltusa.com\/es\/producto\/celula-de-electrolisis\/\",\"name\":\"C\\u00e9lula de electr\\u00f3lisis\"}}]}]}<\/script>\n<!-- \/ Yoast SEO plugin. -->","_links":{"self":[{"href":"https:\/\/quicksaltusa.com\/es\/wp-json\/wp\/v2\/product\/772"}],"collection":[{"href":"https:\/\/quicksaltusa.com\/es\/wp-json\/wp\/v2\/product"}],"about":[{"href":"https:\/\/quicksaltusa.com\/es\/wp-json\/wp\/v2\/types\/product"}],"replies":[{"embeddable":true,"href":"https:\/\/quicksaltusa.com\/es\/wp-json\/wp\/v2\/comments?post=772"}],"wp:featuredmedia":[{"embeddable":true,"href":"https:\/\/quicksaltusa.com\/es\/wp-json\/wp\/v2\/media\/817"}],"wp:attachment":[{"href":"https:\/\/quicksaltusa.com\/es\/wp-json\/wp\/v2\/media?parent=772"}],"curies":[{"name":"wp","href":"https:\/\/api.w.org\/{rel}","templated":true}]}}