{"id":743,"date":"2021-03-10T08:02:23","date_gmt":"2021-03-10T08:02:23","guid":{"rendered":"http:\/\/quicksaltusa.com\/?post_type=product&#038;p=743"},"modified":"2023-08-14T10:25:52","modified_gmt":"2023-08-14T10:25:52","slug":"quicksalt","status":"publish","type":"product","link":"https:\/\/quicksaltusa.com\/es\/producto\/quicksalt\/","title":{"rendered":"QUICKSALT"},"content":{"rendered":"<p>La gama de cloradores QUICKSALT fabrica cloro activo, el cual es un fuerte agente desinfectante y bactericida. Adem\u00e1s, tiene la capacidad de mantener el agua de una piscina privada en perfectas condiciones sin necesidad de a\u00f1adir productos qu\u00edmicos.<\/p>\n<p>&nbsp;<\/p>\n","protected":false},"excerpt":{"rendered":"<p>Una gama de cloradores salinos para piscinas privadas, de f\u00e1cil uso e instalaci\u00f3n. El QUICKSALT permite la selecci\u00f3n de la producci\u00f3n adecuada para su piscina en funci\u00f3n del volumen y horas de filtraci\u00f3n que requiere. Tambi\u00e9n dispone de una alarma que avisa en caso de que se requiera a\u00f1adir sal al agua, de manera que pueda optimizar su rendimiento y la vida de la c\u00e9lula.<\/p>\n<p>El clorador tiene 3 modalidades seg\u00fan los galones de tu piscina. Escoge entre los modelos 15 (15.000 galones), 40 (40.000 galones) y 55 (55.000 galones) y descubre sus caracter\u00edsticas.<\/p>\n","protected":false},"featured_media":398,"comment_status":"open","ping_status":"closed","template":"","meta":[],"yoast_head":"<!-- This site is optimized with the Yoast SEO plugin v15.8 - https:\/\/yoast.com\/wordpress\/plugins\/seo\/ -->\n<title>Nuestro clorador salino | Quicksalt<\/title>\n<meta name=\"description\" content=\"Descubre nuestro clorador salino Quicksalt. Una gama de desinfectantes para el agua de la piscina para uso dom\u00e9stico. \u00a1Solicita m\u00e1s informaci\u00f3n!\" \/>\n<meta name=\"robots\" content=\"index, follow, max-snippet:-1, max-image-preview:large, max-video-preview:-1\" \/>\n<link rel=\"canonical\" href=\"https:\/\/quicksaltusa.com\/es\/producto\/quicksalt\/\" \/>\n<meta property=\"og:locale\" content=\"es_ES\" \/>\n<meta property=\"og:type\" content=\"article\" \/>\n<meta property=\"og:title\" content=\"Nuestro clorador salino | Quicksalt\" \/>\n<meta property=\"og:description\" content=\"Descubre nuestro clorador salino Quicksalt. Una gama de desinfectantes para el agua de la piscina para uso dom\u00e9stico. \u00a1Solicita m\u00e1s informaci\u00f3n!\" \/>\n<meta property=\"og:url\" content=\"https:\/\/quicksaltusa.com\/es\/producto\/quicksalt\/\" \/>\n<meta property=\"og:site_name\" content=\"Quicksalt\" \/>\n<meta property=\"article:modified_time\" content=\"2023-08-14T10:25:52+00:00\" \/>\n<meta property=\"og:image\" content=\"https:\/\/quicksaltusa.com\/wp-content\/uploads\/2021\/02\/DSC0097-HDR-1024x683.png\" \/>\n\t<meta property=\"og:image:width\" content=\"1024\" \/>\n\t<meta property=\"og:image:height\" content=\"683\" \/>\n<meta name=\"twitter:card\" content=\"summary_large_image\" \/>\n<meta name=\"twitter:label1\" content=\"Tiempo de lectura\">\n\t<meta name=\"twitter:data1\" content=\"1 minuto\">\n<script type=\"application\/ld+json\" class=\"yoast-schema-graph\">{\"@context\":\"https:\/\/schema.org\",\"@graph\":[{\"@type\":\"WebSite\",\"@id\":\"https:\/\/quicksaltusa.com\/#website\",\"url\":\"https:\/\/quicksaltusa.com\/\",\"name\":\"Quicksalt\",\"description\":\"\",\"potentialAction\":[{\"@type\":\"SearchAction\",\"target\":\"https:\/\/quicksaltusa.com\/?s={search_term_string}\",\"query-input\":\"required name=search_term_string\"}],\"inLanguage\":\"es\"},{\"@type\":\"ImageObject\",\"@id\":\"https:\/\/quicksaltusa.com\/es\/producto\/quicksalt\/#primaryimage\",\"inLanguage\":\"es\",\"url\":\"https:\/\/quicksaltusa.com\/wp-content\/uploads\/2021\/02\/DSC0097-HDR.png\",\"width\":5520,\"height\":3680},{\"@type\":\"WebPage\",\"@id\":\"https:\/\/quicksaltusa.com\/es\/producto\/quicksalt\/#webpage\",\"url\":\"https:\/\/quicksaltusa.com\/es\/producto\/quicksalt\/\",\"name\":\"Nuestro clorador salino | Quicksalt\",\"isPartOf\":{\"@id\":\"https:\/\/quicksaltusa.com\/#website\"},\"primaryImageOfPage\":{\"@id\":\"https:\/\/quicksaltusa.com\/es\/producto\/quicksalt\/#primaryimage\"},\"datePublished\":\"2021-03-10T08:02:23+00:00\",\"dateModified\":\"2023-08-14T10:25:52+00:00\",\"description\":\"Descubre nuestro clorador salino Quicksalt. Una gama de desinfectantes para el agua de la piscina para uso dom\\u00e9stico. \\u00a1Solicita m\\u00e1s informaci\\u00f3n!\",\"breadcrumb\":{\"@id\":\"https:\/\/quicksaltusa.com\/es\/producto\/quicksalt\/#breadcrumb\"},\"inLanguage\":\"es\",\"potentialAction\":[{\"@type\":\"ReadAction\",\"target\":[\"https:\/\/quicksaltusa.com\/es\/producto\/quicksalt\/\"]}]},{\"@type\":\"BreadcrumbList\",\"@id\":\"https:\/\/quicksaltusa.com\/es\/producto\/quicksalt\/#breadcrumb\",\"itemListElement\":[{\"@type\":\"ListItem\",\"position\":1,\"item\":{\"@type\":\"WebPage\",\"@id\":\"https:\/\/quicksaltusa.com\/es\/\",\"url\":\"https:\/\/quicksaltusa.com\/es\/\",\"name\":\"Portada\"}},{\"@type\":\"ListItem\",\"position\":2,\"item\":{\"@type\":\"WebPage\",\"@id\":\"https:\/\/quicksaltusa.com\/?page_id=31\",\"url\":\"https:\/\/quicksaltusa.com\/?page_id=31\",\"name\":\"Shop\"}},{\"@type\":\"ListItem\",\"position\":3,\"item\":{\"@type\":\"WebPage\",\"@id\":\"https:\/\/quicksaltusa.com\/es\/producto\/quicksalt\/\",\"url\":\"https:\/\/quicksaltusa.com\/es\/producto\/quicksalt\/\",\"name\":\"QUICKSALT\"}}]}]}<\/script>\n<!-- \/ Yoast SEO plugin. -->","_links":{"self":[{"href":"https:\/\/quicksaltusa.com\/es\/wp-json\/wp\/v2\/product\/743"}],"collection":[{"href":"https:\/\/quicksaltusa.com\/es\/wp-json\/wp\/v2\/product"}],"about":[{"href":"https:\/\/quicksaltusa.com\/es\/wp-json\/wp\/v2\/types\/product"}],"replies":[{"embeddable":true,"href":"https:\/\/quicksaltusa.com\/es\/wp-json\/wp\/v2\/comments?post=743"}],"wp:featuredmedia":[{"embeddable":true,"href":"https:\/\/quicksaltusa.com\/es\/wp-json\/wp\/v2\/media\/398"}],"wp:attachment":[{"href":"https:\/\/quicksaltusa.com\/es\/wp-json\/wp\/v2\/media?parent=743"}],"curies":[{"name":"wp","href":"https:\/\/api.w.org\/{rel}","templated":true}]}}