{"id":261,"date":"2021-01-20T12:50:31","date_gmt":"2021-01-20T12:50:31","guid":{"rendered":"http:\/\/quicksaltusa.com\/?post_type=product&#038;p=261"},"modified":"2023-11-07T15:07:19","modified_gmt":"2023-11-07T15:07:19","slug":"kit-sonda-agua","status":"publish","type":"product","link":"https:\/\/quicksaltusa.com\/es\/producto\/kit-sonda-agua\/","title":{"rendered":"Kit Sonda Agua"},"content":{"rendered":"<p>Incluido en tu equipo Quicksalt. Detectar\u00e1 si hay flujo de agua en la instalaci\u00f3n hidr\u00e1ulica de la piscina.<\/p>\n<p>&nbsp;<\/p>\n","protected":false},"excerpt":{"rendered":"<p>Incluido en tu equipo Quicksalt. Detectar\u00e1 si hay flujo de agua en la instalaci\u00f3n hidr\u00e1ulica de la piscina.<\/p>\n","protected":false},"featured_media":1012,"comment_status":"open","ping_status":"closed","template":"","meta":[],"yoast_head":"<!-- This site is optimized with the Yoast SEO plugin v15.8 - https:\/\/yoast.com\/wordpress\/plugins\/seo\/ -->\n<title>Kit Sonda Agua - Quicksalt<\/title>\n<meta name=\"description\" content=\"Kit de sonda de agua QuickSalt: Controla la calidad del agua en tu piscina con este accesorio esencial para cloradores salinos. \u00a1Mejora tu piscina ahora!\" \/>\n<meta name=\"robots\" content=\"index, follow, max-snippet:-1, max-image-preview:large, max-video-preview:-1\" \/>\n<link rel=\"canonical\" href=\"https:\/\/quicksaltusa.com\/es\/producto\/kit-sonda-agua\/\" \/>\n<meta property=\"og:locale\" content=\"es_ES\" \/>\n<meta property=\"og:type\" content=\"article\" \/>\n<meta property=\"og:title\" content=\"Kit Sonda Agua - Quicksalt\" \/>\n<meta property=\"og:description\" content=\"Kit de sonda de agua QuickSalt: Controla la calidad del agua en tu piscina con este accesorio esencial para cloradores salinos. \u00a1Mejora tu piscina ahora!\" \/>\n<meta property=\"og:url\" content=\"https:\/\/quicksaltusa.com\/es\/producto\/kit-sonda-agua\/\" \/>\n<meta property=\"og:site_name\" content=\"Quicksalt\" \/>\n<meta property=\"article:modified_time\" content=\"2023-11-07T15:07:19+00:00\" \/>\n<meta property=\"og:image\" content=\"https:\/\/quicksaltusa.com\/wp-content\/uploads\/2021\/01\/flow-switch-kit_.jpg\" \/>\n\t<meta property=\"og:image:width\" content=\"1920\" \/>\n\t<meta property=\"og:image:height\" content=\"1080\" \/>\n<meta name=\"twitter:card\" content=\"summary_large_image\" \/>\n<meta name=\"twitter:label1\" content=\"Tiempo de lectura\">\n\t<meta name=\"twitter:data1\" content=\"1 minuto\">\n<script type=\"application\/ld+json\" class=\"yoast-schema-graph\">{\"@context\":\"https:\/\/schema.org\",\"@graph\":[{\"@type\":\"WebSite\",\"@id\":\"https:\/\/quicksaltusa.com\/#website\",\"url\":\"https:\/\/quicksaltusa.com\/\",\"name\":\"Quicksalt\",\"description\":\"\",\"potentialAction\":[{\"@type\":\"SearchAction\",\"target\":\"https:\/\/quicksaltusa.com\/?s={search_term_string}\",\"query-input\":\"required name=search_term_string\"}],\"inLanguage\":\"es\"},{\"@type\":\"ImageObject\",\"@id\":\"https:\/\/quicksaltusa.com\/es\/producto\/kit-sonda-agua\/#primaryimage\",\"inLanguage\":\"es\",\"url\":\"https:\/\/quicksaltusa.com\/wp-content\/uploads\/2021\/01\/flow-switch-kit_.jpg\",\"width\":1920,\"height\":1080},{\"@type\":\"WebPage\",\"@id\":\"https:\/\/quicksaltusa.com\/es\/producto\/kit-sonda-agua\/#webpage\",\"url\":\"https:\/\/quicksaltusa.com\/es\/producto\/kit-sonda-agua\/\",\"name\":\"Kit Sonda Agua - Quicksalt\",\"isPartOf\":{\"@id\":\"https:\/\/quicksaltusa.com\/#website\"},\"primaryImageOfPage\":{\"@id\":\"https:\/\/quicksaltusa.com\/es\/producto\/kit-sonda-agua\/#primaryimage\"},\"datePublished\":\"2021-01-20T12:50:31+00:00\",\"dateModified\":\"2023-11-07T15:07:19+00:00\",\"description\":\"Kit de sonda de agua QuickSalt: Controla la calidad del agua en tu piscina con este accesorio esencial para cloradores salinos. \\u00a1Mejora tu piscina ahora!\",\"breadcrumb\":{\"@id\":\"https:\/\/quicksaltusa.com\/es\/producto\/kit-sonda-agua\/#breadcrumb\"},\"inLanguage\":\"es\",\"potentialAction\":[{\"@type\":\"ReadAction\",\"target\":[\"https:\/\/quicksaltusa.com\/es\/producto\/kit-sonda-agua\/\"]}]},{\"@type\":\"BreadcrumbList\",\"@id\":\"https:\/\/quicksaltusa.com\/es\/producto\/kit-sonda-agua\/#breadcrumb\",\"itemListElement\":[{\"@type\":\"ListItem\",\"position\":1,\"item\":{\"@type\":\"WebPage\",\"@id\":\"https:\/\/quicksaltusa.com\/es\/\",\"url\":\"https:\/\/quicksaltusa.com\/es\/\",\"name\":\"Portada\"}},{\"@type\":\"ListItem\",\"position\":2,\"item\":{\"@type\":\"WebPage\",\"@id\":\"https:\/\/quicksaltusa.com\/?page_id=31\",\"url\":\"https:\/\/quicksaltusa.com\/?page_id=31\",\"name\":\"Shop\"}},{\"@type\":\"ListItem\",\"position\":3,\"item\":{\"@type\":\"WebPage\",\"@id\":\"https:\/\/quicksaltusa.com\/es\/producto\/kit-sonda-agua\/\",\"url\":\"https:\/\/quicksaltusa.com\/es\/producto\/kit-sonda-agua\/\",\"name\":\"Kit Sonda Agua\"}}]}]}<\/script>\n<!-- \/ Yoast SEO plugin. -->","_links":{"self":[{"href":"https:\/\/quicksaltusa.com\/es\/wp-json\/wp\/v2\/product\/261"}],"collection":[{"href":"https:\/\/quicksaltusa.com\/es\/wp-json\/wp\/v2\/product"}],"about":[{"href":"https:\/\/quicksaltusa.com\/es\/wp-json\/wp\/v2\/types\/product"}],"replies":[{"embeddable":true,"href":"https:\/\/quicksaltusa.com\/es\/wp-json\/wp\/v2\/comments?post=261"}],"wp:featuredmedia":[{"embeddable":true,"href":"https:\/\/quicksaltusa.com\/es\/wp-json\/wp\/v2\/media\/1012"}],"wp:attachment":[{"href":"https:\/\/quicksaltusa.com\/es\/wp-json\/wp\/v2\/media?parent=261"}],"curies":[{"name":"wp","href":"https:\/\/api.w.org\/{rel}","templated":true}]}}