{"id":1302,"date":"2023-07-25T07:04:15","date_gmt":"2023-07-25T07:04:16","guid":{"rendered":"https:\/\/quicksaltusa.com\/?post_type=product&#038;p=1302"},"modified":"2025-03-06T10:21:26","modified_gmt":"2025-03-06T10:21:26","slug":"quicksalt-ph","status":"publish","type":"product","link":"https:\/\/quicksaltusa.com\/es\/producto\/quicksalt-ph\/","title":{"rendered":"QUICKSALT-PH"},"content":{"rendered":"<p>Quicksalt pH dosifica autom\u00e1ticamente \u00e1cido en la piscina para mejorar la desinfecci\u00f3n y proteger el equipo. Es el complemento ideal para el clorador Quicksalt. Juntos, ayudan a mantener el agua de la piscina equilibrada y cristalina.<\/p>\n<p>1: Un pH bajo causa irritaci\u00f3n de ojos y piel<\/p>\n<p>2: Un pH alto en la piscina inactiva el cloro<\/p>\n<p>3: Un pH desequilibrado puede da\u00f1ar los revestimientos de vinilo.<\/p>\n<p>4: Un pH bajo en la piscina puede provocar corrosi\u00f3n.<\/p>\n","protected":false},"excerpt":{"rendered":"<p>Quicksalt pH dosifica autom\u00e1ticamente \u00e1cido en la piscina para mejorar la desinfecci\u00f3n y proteger el equipo. Es el complemento ideal para el clorador Quicksalt. Juntos, ayudan a mantener el agua de la piscina equilibrada y cristalina.<\/p>\n","protected":false},"featured_media":1308,"comment_status":"open","ping_status":"closed","template":"","meta":[],"yoast_head":"<!-- This site is optimized with the Yoast SEO plugin v15.8 - https:\/\/yoast.com\/wordpress\/plugins\/seo\/ -->\n<title>QUICKSALT-PH - Quicksalt<\/title>\n<meta name=\"description\" content=\"Kit By-Pass con celda opcional de QuickSalt. Mejora tu sistema de cloraci\u00f3n salina de forma sencilla y efectiva.\" \/>\n<meta name=\"robots\" content=\"index, follow, max-snippet:-1, max-image-preview:large, max-video-preview:-1\" \/>\n<link rel=\"canonical\" href=\"https:\/\/quicksaltusa.com\/es\/producto\/quicksalt-ph\/\" \/>\n<meta property=\"og:locale\" content=\"es_ES\" \/>\n<meta property=\"og:type\" content=\"article\" \/>\n<meta property=\"og:title\" content=\"QUICKSALT-PH - Quicksalt\" \/>\n<meta property=\"og:description\" content=\"Kit By-Pass con celda opcional de QuickSalt. Mejora tu sistema de cloraci\u00f3n salina de forma sencilla y efectiva.\" \/>\n<meta property=\"og:url\" content=\"https:\/\/quicksaltusa.com\/es\/producto\/quicksalt-ph\/\" \/>\n<meta property=\"og:site_name\" content=\"Quicksalt\" \/>\n<meta property=\"article:modified_time\" content=\"2025-03-06T10:21:26+00:00\" \/>\n<meta property=\"og:image\" content=\"https:\/\/quicksaltusa.com\/wp-content\/uploads\/2023\/07\/Diseno-sin-titulo-2023-07-25T090912.128.png\" \/>\n\t<meta property=\"og:image:width\" content=\"1080\" \/>\n\t<meta property=\"og:image:height\" content=\"1080\" \/>\n<meta name=\"twitter:card\" content=\"summary_large_image\" \/>\n<meta name=\"twitter:label1\" content=\"Tiempo de lectura\">\n\t<meta name=\"twitter:data1\" content=\"1 minuto\">\n<script type=\"application\/ld+json\" class=\"yoast-schema-graph\">{\"@context\":\"https:\/\/schema.org\",\"@graph\":[{\"@type\":\"WebSite\",\"@id\":\"https:\/\/quicksaltusa.com\/#website\",\"url\":\"https:\/\/quicksaltusa.com\/\",\"name\":\"Quicksalt\",\"description\":\"\",\"potentialAction\":[{\"@type\":\"SearchAction\",\"target\":\"https:\/\/quicksaltusa.com\/?s={search_term_string}\",\"query-input\":\"required name=search_term_string\"}],\"inLanguage\":\"es\"},{\"@type\":\"ImageObject\",\"@id\":\"https:\/\/quicksaltusa.com\/es\/producto\/quicksalt-ph\/#primaryimage\",\"inLanguage\":\"es\",\"url\":\"https:\/\/quicksaltusa.com\/wp-content\/uploads\/2023\/07\/Diseno-sin-titulo-2023-07-25T090912.128.png\",\"width\":1080,\"height\":1080},{\"@type\":\"WebPage\",\"@id\":\"https:\/\/quicksaltusa.com\/es\/producto\/quicksalt-ph\/#webpage\",\"url\":\"https:\/\/quicksaltusa.com\/es\/producto\/quicksalt-ph\/\",\"name\":\"QUICKSALT-PH - Quicksalt\",\"isPartOf\":{\"@id\":\"https:\/\/quicksaltusa.com\/#website\"},\"primaryImageOfPage\":{\"@id\":\"https:\/\/quicksaltusa.com\/es\/producto\/quicksalt-ph\/#primaryimage\"},\"datePublished\":\"2023-07-25T07:04:16+00:00\",\"dateModified\":\"2025-03-06T10:21:26+00:00\",\"description\":\"Kit By-Pass con celda opcional de QuickSalt. Mejora tu sistema de cloraci\\u00f3n salina de forma sencilla y efectiva.\",\"breadcrumb\":{\"@id\":\"https:\/\/quicksaltusa.com\/es\/producto\/quicksalt-ph\/#breadcrumb\"},\"inLanguage\":\"es\",\"potentialAction\":[{\"@type\":\"ReadAction\",\"target\":[\"https:\/\/quicksaltusa.com\/es\/producto\/quicksalt-ph\/\"]}]},{\"@type\":\"BreadcrumbList\",\"@id\":\"https:\/\/quicksaltusa.com\/es\/producto\/quicksalt-ph\/#breadcrumb\",\"itemListElement\":[{\"@type\":\"ListItem\",\"position\":1,\"item\":{\"@type\":\"WebPage\",\"@id\":\"https:\/\/quicksaltusa.com\/es\/\",\"url\":\"https:\/\/quicksaltusa.com\/es\/\",\"name\":\"Portada\"}},{\"@type\":\"ListItem\",\"position\":2,\"item\":{\"@type\":\"WebPage\",\"@id\":\"https:\/\/quicksaltusa.com\/?page_id=31\",\"url\":\"https:\/\/quicksaltusa.com\/?page_id=31\",\"name\":\"Shop\"}},{\"@type\":\"ListItem\",\"position\":3,\"item\":{\"@type\":\"WebPage\",\"@id\":\"https:\/\/quicksaltusa.com\/es\/producto\/quicksalt-ph\/\",\"url\":\"https:\/\/quicksaltusa.com\/es\/producto\/quicksalt-ph\/\",\"name\":\"QUICKSALT-PH\"}}]}]}<\/script>\n<!-- \/ Yoast SEO plugin. -->","_links":{"self":[{"href":"https:\/\/quicksaltusa.com\/es\/wp-json\/wp\/v2\/product\/1302"}],"collection":[{"href":"https:\/\/quicksaltusa.com\/es\/wp-json\/wp\/v2\/product"}],"about":[{"href":"https:\/\/quicksaltusa.com\/es\/wp-json\/wp\/v2\/types\/product"}],"replies":[{"embeddable":true,"href":"https:\/\/quicksaltusa.com\/es\/wp-json\/wp\/v2\/comments?post=1302"}],"wp:featuredmedia":[{"embeddable":true,"href":"https:\/\/quicksaltusa.com\/es\/wp-json\/wp\/v2\/media\/1308"}],"wp:attachment":[{"href":"https:\/\/quicksaltusa.com\/es\/wp-json\/wp\/v2\/media?parent=1302"}],"curies":[{"name":"wp","href":"https:\/\/api.w.org\/{rel}","templated":true}]}}