{"id":595,"date":"2021-02-15T12:20:48","date_gmt":"2021-02-15T12:20:48","guid":{"rendered":"http:\/\/quicksaltusa.com\/?page_id=595"},"modified":"2023-11-07T14:37:29","modified_gmt":"2023-11-07T14:37:29","slug":"politica-privacidad","status":"publish","type":"page","link":"https:\/\/quicksaltusa.com\/es\/politica-privacidad\/","title":{"rendered":"Pol\u00edtica de privacidad"},"content":{"rendered":"<p>[vc_row][vc_column][vc_column_text el_class=&#8221;padding-responsive-texto&#8221;]<\/p>\r\n<h2>Pol\u00edtica de privacidad redes sociales<\/h2>\r\n\r\n<p>En cumplimiento de la Ley Org\u00e1nica 15\/1999, de 13 de diciembre, de Protecci\u00f3n de Datos de Car\u00e1cter Personal (LOPD) y la Ley 34\/2002, de 11 de julio, de Servicios de la Sociedad de la Informaci\u00f3n y de Comercio Electr\u00f3nico (LSSI-CE), BSV ELECTRONIC SL informa a los usuarios, que ha procedido a crear un perfil en las Redes Sociales Facebook, LinkedIn e Instagram, con la finalidad principal de publicitar sus productos y Servicios relacionados con la web: www.quicksalt.es.<\/p>\r\n<p>\u00a0<\/p>\r\n<!-- \/wp:heading -->\r\n<p><!-- wp:paragraph -->Datos de BSV ELECTRONIC SL:<br \/>B08960718<br \/>C\/ RIBERA DEL CONGOST 40 A, POL. IND. SECTOR V, 08520 LES FRANQUESES DEL VALLES, BARCELONA<br \/>bsv@bsvelectronic.com<br \/>www.bspool.eu<\/p>\r\n<!-- \/wp:paragraph -->\r\n<p><!-- wp:paragraph -->El usuario dispone de un perfil en la misma Red Social y ha decidido unirse a la p\u00e1gina creada por BSV ELECTRONIC SL, mostrando as\u00ed inter\u00e9s en la informaci\u00f3n que se publicite en la Red. Al unirse a nuestra p\u00e1gina, nos facilita su consentimiento para el tratamiento de aquellos datos personales publicados en su perfil.<\/p>\r\n<p>El usuario puede acceder en todo momento a las pol\u00edticas de privacidad de la propia Red Social, as\u00ed como configurar su perfil para garantizar su privacidad.<\/p>\r\n<p>BSV ELECTRONIC SL tiene acceso y trata aquella informaci\u00f3n p\u00fablica del usuario, en especial, su nombre de contacto. Estos datos, s\u00f3lo son utilizados dentro de la propia Red Social. No son incorporados a ning\u00fan fichero.<\/p>\r\n<p>En relaci\u00f3n a los derechos de acceso, rectificaci\u00f3n, cancelaci\u00f3n y oposici\u00f3n, de los que usted dispone y que pueden ser ejercitados ante BSV ELECTRONIC SL, de acuerdo con la LOPD, debe tener en cuenta los siguientes matices:<\/p>\r\n<p>Acceso: Vendr\u00e1 definido por la funcionalidad de la Red Social y la capacidad de acceso a la informaci\u00f3n de los perfiles de los usuarios. Rectificaci\u00f3n: S\u00f3lo podr\u00e1 satisfacerse en relaci\u00f3n a aquella informaci\u00f3n que se encuentre bajo el control de BSV ELECTRONIC SL, por ejemplo, eliminar comentarios publicados en la propia p\u00e1gina. Normalmente, este derecho deber\u00e1 ejercerlo ante la Red Social. Cancelaci\u00f3n y\/u Oposici\u00f3n: Como en el caso anterior, s\u00f3lo podr\u00e1 satisfacerse en relaci\u00f3n a aquella informaci\u00f3n que se encuentre bajo el control de BSV ELECTRONIC SL, por ejemplo, dejar de estar unido al perfil.<\/p>\r\n<p><!-- wp:paragraph -->BSV ELECTRONIC SL realizar\u00e1 las siguientes actuaciones:<br \/>Acceso a la informaci\u00f3n p\u00fablica del perfil. Publicaci\u00f3n en el perfil del usuario de toda aquella informaci\u00f3n ya publicada en la p\u00e1gina de BSV ELECTRONIC SL. Enviar mensajes personales e individuales a trav\u00e9s de los canales de la Red Social. Actualizaciones del estado de la p\u00e1gina que se publicar\u00e1n en el perfil del usuario.<br \/>El usuario siempre puede controlar sus conexiones, eliminar los contenidos que dejen de interesarle y restringir con qui\u00e9n comparte sus conexiones, para ello deber\u00e1 acceder a su configuraci\u00f3n de privacidad.<\/p>\r\n<p><!-- \/wp:paragraph -->\u00a0<\/p>\r\n<!-- wp:heading {\"level\":3} -->\r\n<h3>PUBLICACIONES<\/h3>\r\n<!-- \/wp:heading -->\r\n<p><!-- wp:paragraph -->El usuario, una vez unido a la p\u00e1gina de BSV ELECTRONIC SL, podr\u00e1 publicar en \u00e9sta \u00faltima comentarios, enlaces, im\u00e1genes o fotograf\u00edas o cualquier otro tipo de contenido multimedia soportado por la Red Social. El usuario, en todos los casos, debe ser el titular de los mismos, gozar de los derechos de autor y de propiedad intelectual o contar con el consentimiento de los terceros afectados. Se proh\u00edbe expresamente cualquier publicaci\u00f3n en la p\u00e1gina, ya sean textos, gr\u00e1ficos, fotograf\u00edas, v\u00eddeos, etc. que atenten o sean susceptibles de atentar contra la moral, la \u00e9tica, el buen gusto o el decoro, y\/o que infrinjan, violen o quebranten los derechos de propiedad intelectual o industrial, el derecho a la imagen o la Ley. En estos casos, BSV ELECTRONIC SL se reserva el derecho a retirar de inmediato el contenido, pudiendo solicitar el bloqueo permanente del usuario.<\/p>\r\n<p>BSV ELECTRONIC SL no se har\u00e1 responsable de los contenidos que libremente ha publicado un usuario.<br \/>El usuario debe tener presente que sus publicaciones ser\u00e1n conocidas por los otros usuarios, por lo que \u00e9l mismo es el principal responsable de su privacidad.<\/p>\r\n<p>Las im\u00e1genes que puedan publicarse en la p\u00e1gina no ser\u00e1n almacenadas en ning\u00fan fichero por parte de BSV ELECTRONIC SL, pero s\u00ed que permanecer\u00e1n en la Red Social.<\/p>\r\n<p><!-- \/wp:paragraph -->\u00a0<\/p>\r\n<!-- wp:heading {\"level\":3} -->\r\n<h3>CONCURSOS Y PROMOCIONES<\/h3>\r\n<!-- \/wp:heading -->\r\n<p><!-- wp:paragraph -->BSV ELECTRONIC SL se reserva el derecho a realizar concursos y promociones, en los que podr\u00e1 participar el usuario unido a su p\u00e1gina. Las bases de cada uno de ellos, cuando se utilice para ello la plataforma de la Red Social, ser\u00e1n publicadas en la misma. Cumpliendo siempre con la LSSI-CE y con cualquier otra norma que le sea de aplicaci\u00f3n.<br \/>La Red Social no patrocina, avala ni administra, de modo alguno, ninguna de nuestras promociones, ni est\u00e1 asociada a ninguna de ellas.<\/p>\r\n<p><!-- \/wp:paragraph -->\u00a0<\/p>\r\n<!-- wp:heading -->\r\n<h3>PUBLICIDAD<\/h3>\r\n<!-- \/wp:heading -->\r\n<p><!-- wp:paragraph -->BSV ELECTRONIC SL utilizar\u00e1 la Red Social para publicitar sus productos y servicios, en todo caso, si decide tratar sus datos de contacto para realizar acciones directas de prospecci\u00f3n comercial, ser\u00e1 siempre, cumpliendo con las exigencias legales de la LOPD y de la LSSI-CE.<br \/>No se considerar\u00e1 publicidad el hecho de recomendar a otros usuarios la p\u00e1gina de BSV ELECTRONIC SL para que tambi\u00e9n ellos puedan disfrutar de las promociones o estar informados de su actividad<\/p>\r\n<p><!-- \/wp:paragraph -->\u00a0<\/p>\r\n<!-- wp:heading -->\r\n<h3>ACCIONES LEGALES, LEGISLACI\u00d3N APLICABLE Y JURISDICCI\u00d3N<\/h3>\r\n<!-- \/wp:heading -->\r\n<p><!-- wp:paragraph -->BSV ELECTRONIC SL se reserva, asimismo, la facultad de presentar las acciones civiles o penales que considere oportunas por la utilizaci\u00f3n indebida de su sitio web y contenidos, o por el incumplimiento de las presentes condiciones. La relaci\u00f3n entre el usuario y el prestador se regir\u00e1 por la normativa vigente y de aplicaci\u00f3n en el territorio espa\u00f1ol. De surgir cualquier controversia las partes podr\u00e1n someter sus conflictos a arbitraje o acudir a la jurisdicci\u00f3n ordinaria cumpliendo con las normas sobre jurisdicci\u00f3n y competencia al respecto. BSV ELECTRONIC SL tiene su domicilio en BARCELONA, Espa\u00f1a.<\/p>\r\n<p>A continuaci\u00f3n detallamos el enlace a la pol\u00edtica de privacidad de la Red Social:<br \/>Instagram: http:\/\/instagram.com\/about\/legal\/privacy\/<br \/>LinkedIn: https:\/\/www.linkedin.com\/legal\/privacy-policy<\/p>\r\n<p>[\/vc_column_text][\/vc_column][\/vc_row]<\/p>","protected":false},"excerpt":{"rendered":"<p>[vc_row][vc_column][vc_column_text el_class=&#8221;padding-responsive-texto&#8221;] Pol\u00edtica de privacidad redes sociales En cumplimiento de la Ley Org\u00e1nica 15\/1999, de [&hellip;]<\/p>\n","protected":false},"author":1,"featured_media":0,"parent":0,"menu_order":0,"comment_status":"closed","ping_status":"closed","template":"","meta":[],"yoast_head":"<!-- This site is optimized with the Yoast SEO plugin v15.8 - https:\/\/yoast.com\/wordpress\/plugins\/seo\/ -->\n<title>Pol\u00edtica de privacidad - Quicksalt<\/title>\n<meta name=\"description\" content=\"Pol\u00edtica de Privacidad de QuickSalt USA: Protegemos tu informaci\u00f3n y privacidad en l\u00ednea. Conoce nuestras pr\u00e1cticas y compromisos.\" \/>\n<meta name=\"robots\" content=\"index, follow, max-snippet:-1, max-image-preview:large, max-video-preview:-1\" \/>\n<link rel=\"canonical\" href=\"https:\/\/quicksaltusa.com\/es\/politica-privacidad\/\" \/>\n<meta property=\"og:locale\" content=\"es_ES\" \/>\n<meta property=\"og:type\" content=\"article\" \/>\n<meta property=\"og:title\" content=\"Pol\u00edtica de privacidad - Quicksalt\" \/>\n<meta property=\"og:description\" content=\"Pol\u00edtica de Privacidad de QuickSalt USA: Protegemos tu informaci\u00f3n y privacidad en l\u00ednea. Conoce nuestras pr\u00e1cticas y compromisos.\" \/>\n<meta property=\"og:url\" content=\"https:\/\/quicksaltusa.com\/es\/politica-privacidad\/\" \/>\n<meta property=\"og:site_name\" content=\"Quicksalt\" \/>\n<meta property=\"article:modified_time\" content=\"2023-11-07T14:37:29+00:00\" \/>\n<meta name=\"twitter:card\" content=\"summary_large_image\" \/>\n<meta name=\"twitter:label1\" content=\"Tiempo de lectura\">\n\t<meta name=\"twitter:data1\" content=\"5 minutos\">\n<script type=\"application\/ld+json\" class=\"yoast-schema-graph\">{\"@context\":\"https:\/\/schema.org\",\"@graph\":[{\"@type\":\"WebSite\",\"@id\":\"https:\/\/quicksaltusa.com\/#website\",\"url\":\"https:\/\/quicksaltusa.com\/\",\"name\":\"Quicksalt\",\"description\":\"\",\"potentialAction\":[{\"@type\":\"SearchAction\",\"target\":\"https:\/\/quicksaltusa.com\/?s={search_term_string}\",\"query-input\":\"required name=search_term_string\"}],\"inLanguage\":\"es\"},{\"@type\":\"WebPage\",\"@id\":\"https:\/\/quicksaltusa.com\/es\/politica-privacidad\/#webpage\",\"url\":\"https:\/\/quicksaltusa.com\/es\/politica-privacidad\/\",\"name\":\"Pol\\u00edtica de privacidad - Quicksalt\",\"isPartOf\":{\"@id\":\"https:\/\/quicksaltusa.com\/#website\"},\"datePublished\":\"2021-02-15T12:20:48+00:00\",\"dateModified\":\"2023-11-07T14:37:29+00:00\",\"description\":\"Pol\\u00edtica de Privacidad de QuickSalt USA: Protegemos tu informaci\\u00f3n y privacidad en l\\u00ednea. Conoce nuestras pr\\u00e1cticas y compromisos.\",\"breadcrumb\":{\"@id\":\"https:\/\/quicksaltusa.com\/es\/politica-privacidad\/#breadcrumb\"},\"inLanguage\":\"es\",\"potentialAction\":[{\"@type\":\"ReadAction\",\"target\":[\"https:\/\/quicksaltusa.com\/es\/politica-privacidad\/\"]}]},{\"@type\":\"BreadcrumbList\",\"@id\":\"https:\/\/quicksaltusa.com\/es\/politica-privacidad\/#breadcrumb\",\"itemListElement\":[{\"@type\":\"ListItem\",\"position\":1,\"item\":{\"@type\":\"WebPage\",\"@id\":\"https:\/\/quicksaltusa.com\/es\/\",\"url\":\"https:\/\/quicksaltusa.com\/es\/\",\"name\":\"Portada\"}},{\"@type\":\"ListItem\",\"position\":2,\"item\":{\"@type\":\"WebPage\",\"@id\":\"https:\/\/quicksaltusa.com\/es\/politica-privacidad\/\",\"url\":\"https:\/\/quicksaltusa.com\/es\/politica-privacidad\/\",\"name\":\"Pol\\u00edtica de privacidad\"}}]}]}<\/script>\n<!-- \/ Yoast SEO plugin. -->","_links":{"self":[{"href":"https:\/\/quicksaltusa.com\/es\/wp-json\/wp\/v2\/pages\/595"}],"collection":[{"href":"https:\/\/quicksaltusa.com\/es\/wp-json\/wp\/v2\/pages"}],"about":[{"href":"https:\/\/quicksaltusa.com\/es\/wp-json\/wp\/v2\/types\/page"}],"author":[{"embeddable":true,"href":"https:\/\/quicksaltusa.com\/es\/wp-json\/wp\/v2\/users\/1"}],"replies":[{"embeddable":true,"href":"https:\/\/quicksaltusa.com\/es\/wp-json\/wp\/v2\/comments?post=595"}],"version-history":[{"count":3,"href":"https:\/\/quicksaltusa.com\/es\/wp-json\/wp\/v2\/pages\/595\/revisions"}],"predecessor-version":[{"id":638,"href":"https:\/\/quicksaltusa.com\/es\/wp-json\/wp\/v2\/pages\/595\/revisions\/638"}],"wp:attachment":[{"href":"https:\/\/quicksaltusa.com\/es\/wp-json\/wp\/v2\/media?parent=595"}],"curies":[{"name":"wp","href":"https:\/\/api.w.org\/{rel}","templated":true}]}}