{"id":3,"date":"2020-12-11T11:44:32","date_gmt":"2020-12-11T11:44:32","guid":{"rendered":"http:\/\/quicksaltusa.com\/?page_id=3"},"modified":"2023-11-07T14:25:50","modified_gmt":"2023-11-07T14:25:50","slug":"aviso-legal-politica-cookies","status":"publish","type":"page","link":"https:\/\/quicksaltusa.com\/es\/aviso-legal-politica-cookies\/","title":{"rendered":"Aviso legal y pol\u00edtica de cookies"},"content":{"rendered":"<p>[vc_row][vc_column][vc_column_text el_class=&#8221;padding-responsive-texto&#8221;]<\/p>\r\n<h2>Condiciones de uso<\/h2>\r\n\r\n<p>La direcci\u00f3n de nuestra web es: http:\/\/quicksaltusa.com.<\/p>\r\n\r\n<p>&nbsp;<\/p>\r\n\r\n<h2>Qu\u00e9 datos personales recogemos y por qu\u00e9 los recogemos<\/h2>\r\n\r\n<p>&nbsp;<\/p>\r\n\r\n<h3>Comentarios<\/h3>\r\n\r\n<p>En cumplimiento de la Ley 34\/2002, de 11 de julio, de Servicios de la Sociedad de la Informaci\u00f3n y de Comercio Electr\u00f3nico (LSSI-CE), BSV ELECTRONIC SL informa que es titular del sitio web: www.quicksalt.es . De acuerdo con la exigencia del art\u00edculo 10 de la citada Ley, BSV ELECTRONIC SL informa de los siguientes datos: El titular de este sitio web es BSV ELECTRONIC SL, con CIF B08960718 y domicilio social en C\/ RIBERA DEL CONGOST 40 A, POL. IND. SECTOR V, 08520 LES FRANQUESES DEL VALLES, BARCELONA, inscrita en el Registro Mercantil, en el tomo 6222, folio 138, hoja 73719 e inscripci\u00f3n 1. La direcci\u00f3n de correo electr\u00f3nico de contacto con la empresa es: bsv@bsvelectronic.com.<\/p>\r\n\r\n<p>&nbsp;<\/p>\r\n\r\n<h3>USUARIO Y R\u00c9GIMEN DE RESPONSABILIDADES<\/h3>\r\n\r\n<p>La navegaci\u00f3n, acceso y uso por el sitio web de BSV ELECTRONIC SL confiere la condici\u00f3n de usuario, por la que se aceptan, desde la navegaci\u00f3n por el sitio web de QuickSalt, todas las condiciones de uso aqu\u00ed establecidas sin perjuicio de la aplicaci\u00f3n de la correspondiente normativa de obligado cumplimiento legal seg\u00fan el caso. El sitio web de BSV ELECTRONIC SL proporciona gran diversidad de informaci\u00f3n, servicios y datos. El usuario asume su responsabilidad en el uso correcto del sitio web. Esta responsabilidad se extender\u00e1 a: \u2022 La veracidad y licitud de las informaciones aportadas por el usuario en los formularios extendidos por BSV ELECTRONIC SL para el acceso a ciertos contenidos o servicios ofrecidos por el web. \u2022 El uso de la informaci\u00f3n, servicios y datos ofrecidos por BSV ELECTRONIC SL contrariamente a lo dispuesto por las presentes condiciones, la Ley, la moral, las buenas costumbres o el orden p\u00fablico, o que de cualquier otro modo puedan suponer lesi\u00f3n de los derechos de terceros o del mismo funcionamiento del sitio web.<\/p>\r\n\r\n<h3>POL\u00cdTICA DE ENLACES Y EXENCIONES DE RESPONSABILIDAD<\/h3>\r\n\r\n<p>BSV ELECTRONIC SL no se hace responsable del contenido de los sitios web a los que el usuario pueda acceder a trav\u00e9s de los enlaces establecidos en su sitio web y declara que en ning\u00fan caso proceder\u00e1 a examinar o ejercitar ning\u00fan tipo de control sobre el contenido de otros sitios de la red. Asimismo, tampoco garantizar\u00e1 la disponibilidad t\u00e9cnica, exactitud, veracidad, validez o legalidad de sitios ajenos a su propiedad a los que se pueda acceder por medio de los enlaces. BSV ELECTRONIC SL declara haber adoptado todas las medidas necesarias para evitar cualquier da\u00f1o a los usuarios de su sitio web, que pudieran derivarse de la navegaci\u00f3n por su sitio web. En consecuencia, BSV ELECTRONIC SL no se hace responsable, en ning\u00fan caso, de los eventuales da\u00f1os que por la navegaci\u00f3n por Internet pudiera sufrir el usuario.<\/p>\r\n\r\n<p>&nbsp;<\/p>\r\n\r\n<h3>MODIFICACIONES<\/h3>\r\n\r\n<p>BSV ELECTRONIC SL se reserva el derecho a realizar las modificaciones que considere oportunas, sin aviso previo, en el contenido de su sitio web. Tanto en lo referente a los contenidos del sitio web, como en las condiciones de uso del mismo. Dichas modificaciones podr\u00e1n realizarse a trav\u00e9s de su sitio web por cualquier forma admisible en derecho y ser\u00e1n de obligado cumplimiento durante el tiempo en que se encuentren publicadas en la web y hasta que no sean modificadas v\u00e1lidamente por otras posteriores.<\/p>\r\n\r\n<p>&nbsp;<\/p>\r\n\r\n<h3>PROTECCI\u00d3N DE DATOS<\/h3>\r\n\r\n<p>De conformidad con lo que establece la Ley Org\u00e1nica 15\/1999 de Protecci\u00f3n de Datos de Car\u00e1cter Personal (LOPD), BSV ELECTRONIC SL informa a los usuarios de su sitio web que los datos personales recabados por la empresa, mediante los formularios sitos en sus p\u00e1ginas, ser\u00e1n introducidos en un fichero automatizado bajo la responsabilidad de BSV ELECTRONIC SL, con la finalidad de poder facilitar, agilizar y cumplir los compromisos establecidos entre ambas partes. Asimismo, BSV ELECTRONIC SL informa de la posibilidad de ejercer los derechos de acceso, rectificaci\u00f3n, cancelaci\u00f3n y oposici\u00f3n mediante un escrito a la direcci\u00f3n: C\/ RIBERA DEL CONGOST 40 A, POL. IND. SECTOR V, 08520 LES FRANQUESES DEL VALLES, BARCELONA. Mientras el usuario no comunique lo contrario a BSV ELECTRONIC SL, \u00e9sta entender\u00e1 que sus datos no han sido modificados, que el usuario se compromete a notificar a BSV ELECTRONIC SL cualquier variaci\u00f3n y que BSV ELECTRONIC SL tiene el consentimiento para utilizarlos a fin de poder fidelizar la relaci\u00f3n entre las partes.<\/p>\r\n\r\n<p>&nbsp;<\/p>\r\n\r\n<h3>PROPIEDAD INTELECTUAL E INDUSTRIAL<\/h3>\r\n\r\n<p>BSV ELECTRONIC SL por s\u00ed misma o como cesionaria, es titular de todos los derechos de propiedad intelectual e industrial de su p\u00e1gina web, as\u00ed como de los elementos contenidos en la misma (a t\u00edtulo enunciativo, im\u00e1genes, sonido, audio, v\u00eddeo, software o textos; marcas o logotipos, combinaciones de colores, estructura y dise\u00f1o, selecci\u00f3n de materiales usados, programas de ordenador necesarios para su funcionamiento, acceso y uso, etc.), titularidad de BSV ELECTRONIC SL. Ser\u00e1n, por consiguiente, obras protegidas como propiedad intelectual por el ordenamiento jur\u00eddico espa\u00f1ol, si\u00e9ndoles aplicables tanto la normativa espa\u00f1ola y comunitaria en este campo, como los tratados internacionales relativos a la materia y suscritos por Espa\u00f1a. Todos los derechos reservados. En virtud de lo dispuesto en los art\u00edculos 8 y 32.1, p\u00e1rrafo segundo, de la Ley de Propiedad Intelectual, quedan expresamente prohibidas la reproducci\u00f3n, la distribuci\u00f3n y la comunicaci\u00f3n p\u00fablica, incluida su modalidad de puesta a disposici\u00f3n, de la totalidad o parte de los contenidos de esta p\u00e1gina web, con fines comerciales, en cualquier soporte y por cualquier medio t\u00e9cnico, sin la autorizaci\u00f3n de BSV ELECTRONIC SL. El usuario se compromete a respetar los derechos de Propiedad Intelectual e Industrial titularidad de BSV ELECTRONIC SL. Podr\u00e1 visualizar los elementos del portal e incluso imprimirlos, copiarlos y almacenarlos en el disco duro de su ordenador o en cualquier otro soporte f\u00edsico siempre y cuando sea, \u00fanica y exclusivamente, para su uso personal y privado. El usuario deber\u00e1 abstenerse de suprimir, alterar, eludir o manipular cualquier dispositivo de protecci\u00f3n o sistema de seguridad que estuviera instalado en las p\u00e1ginas de la web de QuickSalt.<\/p>\r\n\r\n<p>&nbsp;<\/p>\r\n\r\n<h3>ACCIONES LEGALES, LEGISLACI\u00d3N APLICABLE Y JURISDICCI\u00d3N<\/h3>\r\n\r\n<p>BSV ELECTRONIC SL se reserva, asimismo, la facultad de presentar las acciones civiles o penales que considere oportunas por la utilizaci\u00f3n indebida de su sitio web y contenidos, o por el incumplimiento de las presentes condiciones. La relaci\u00f3n entre el usuario y el prestador se regir\u00e1 por la normativa vigente y de aplicaci\u00f3n en el territorio espa\u00f1ol. De surgir cualquier controversia las partes podr\u00e1n someter sus conflictos a arbitraje o acudir a la jurisdicci\u00f3n ordinaria cumpliendo con las normas sobre jurisdicci\u00f3n y competencia al respecto. BSV ELECTRONIC SL tiene su domicilio en BARCELONA, Espa\u00f1a.<\/p>\r\n\r\n<p>&nbsp;<\/p>\r\n\r\n<h2>Pol\u00edtica de Cookies<\/h2>\r\n<p>Una Cookie es un fichero que se descarga en su ordenador al acceder a determinadas p\u00e1ginas web. Las cookies permiten a una p\u00e1gina web, entre otras cosas, almacenar y recuperar informaci\u00f3n sobre los h\u00e1bitos de navegaci\u00f3n de un usuario o de su equipo y, dependiendo de la informaci\u00f3n que contenga y de la forma en que utilice su equipo, pueden utilizarse para reconocer al usuario. Las cookies son esenciales para el funcionamiento de internet, aportando innumerables ventajas en la prestaci\u00f3n de servicios interactivos, facilit\u00e1ndole la navegaci\u00f3n y usabilidad de nuestra web. La informaci\u00f3n que le proporcionamos a continuaci\u00f3n, le ayudar\u00e1 a comprender los diferentes tipos de cookies:<\/p>\r\n\r\n<p>&nbsp;<\/p>\r\n\r\n<h3>TIPOS DE COOKIES<\/h3>\r\n\r\n<p>&nbsp;<\/p>\r\n\r\n<h3>SEG\u00daN LA ENTIDAD QUE LAS GESTIONE<\/h3>\r\n<p>\u2022 Cookies propias: Son aquellas que se recaban por el propio editor para prestar el servicio solicitado por el usuario. \u2022 Cookies de tercero: Recaban datos mientras el usuario navega por la red con la finalidad de prestar el servicio solicitado.<\/p>\r\n<!-- \/wp:paragraph -->\r\n<p>&nbsp;<\/p>\r\n<!-- wp:heading {\"level\":3} -->\r\n<h3>SEG\u00daN EL PLAZO DE TIEMPO QUE PERMANEZCAN ACTIVADAS<\/h3>\r\n<p><!-- \/wp:heading -->\u2022 Cookies de sesi\u00f3n: Recaban datos mientras el usuario navega por la red con la finalidad de prestar el servicio solicitado. \u2022 Cookies persistentes: Se almacenan en el terminal y la informaci\u00f3n obtenida, ser\u00e1 utilizada por el responsable de la cookie con la finalidad de prestar el servicio solicitado.<\/p>\r\n<!-- \/wp:paragraph -->\r\n<p>&nbsp;<\/p>\r\n<!-- wp:heading {\"level\":3} -->\r\n<h3>SEG\u00daN SU FINALIDAD<\/h3>\r\n<p><!-- \/wp:heading -->\u2022 Cookies t\u00e9cnicas: Son las necesarias para la correcta navegaci\u00f3n por la web. \u2022 Cookies de personalizaci\u00f3n: Permiten al usuario las caracter\u00edsticas (idioma) para la navegaci\u00f3n por la website \u2022 Cookies de an\u00e1lisis: Permiten al prestador el an\u00e1lisis vinculado a la navegaci\u00f3n realizada por el usuario, con la finalidad de llevar un seguimiento de uso de la p\u00e1gina web, as\u00ed como realizar estad\u00edsticas de los contenidos m\u00e1s visitados, n\u00famero de visitantes, etc. \u2022 Cookies publicitarias: Permiten al editor incluir en la web, espacios publicitarios, seg\u00fan el contenido de la propia web. \u2022 Cookies de publicidad comportamental: Permiten al editor incluir en la p\u00e1gina web espacios publicitarios seg\u00fan la informaci\u00f3n obtenida a trav\u00e9s de los h\u00e1bitos de navegaci\u00f3n del usuario.<\/p>\r\n<p><!-- \/wp:paragraph -->Seg\u00fan lo dispuesto en el art\u00edculo 22.2 de la Ley 34\/2002, de 11 de julio, de Servicios de la Sociedad de la Informaci\u00f3n y de Comercio Electr\u00f3nico (LSSI-CE), BSV ELECTRONIC SL informa de las cookies utilizadas en nuestra website: Cookies propias: Cookies t\u00e9cnicas y Cookies de personalizaci\u00f3n.<\/p>\r\n<p><!-- \/wp:paragraph -->Asimismo, BSV ELECTRONIC SL informa al usuario de que tiene la posibilidad de configurar su navegador de modo que se le informe de la recepci\u00f3n de cookies, pudiendo, si as\u00ed lo desea, impedir que sean instaladas en su disco duro. A continuaci\u00f3n le proporcionamos los enlaces de diversos navegadores, a trav\u00e9s de los cuales podr\u00e1 realizar dicha configuraci\u00f3n: \u2022 Firefox desde aqu\u00ed: http:\/\/support.mozilla.org\/es\/kb\/habilitar-y-deshabilitar-cookies-que-los-sitios-we \u2022 Chrome desde aqu\u00ed: http:\/\/support.google.com\/chrome\/bin\/answer.py?hl=es&amp;answer=95647 \u2022 Explorer desde aqu\u00ed: http:\/\/windows.microsoft.com\/es-es\/internet-explorer\/delete-manage-cookies#ie=ie-10 \u2022 Safari desde aqu\u00ed: http:\/\/support.apple.com\/kb\/ph5042<\/p>\r\n<p>[\/vc_column_text][\/vc_column][\/vc_row]<\/p>","protected":false},"excerpt":{"rendered":"<p>[vc_row][vc_column][vc_column_text el_class=&#8221;padding-responsive-texto&#8221;] Condiciones de uso La direcci\u00f3n de nuestra web es: http:\/\/quicksaltusa.com. &nbsp; Qu\u00e9 datos [&hellip;]<\/p>\n","protected":false},"author":1,"featured_media":0,"parent":0,"menu_order":0,"comment_status":"closed","ping_status":"closed","template":"","meta":[],"yoast_head":"<!-- This site is optimized with the Yoast SEO plugin v15.8 - https:\/\/yoast.com\/wordpress\/plugins\/seo\/ -->\n<title>Aviso legal y pol\u00edtica de cookies - Quicksalt<\/title>\n<meta name=\"description\" content=\"Pol\u00edtica de cookies y aviso legal de QuickSalt USA: Protegemos tu privacidad y garantizamos una navegaci\u00f3n segura en nuestro sitio web.\" \/>\n<meta name=\"robots\" content=\"index, follow, max-snippet:-1, max-image-preview:large, max-video-preview:-1\" \/>\n<link rel=\"canonical\" href=\"https:\/\/quicksaltusa.com\/es\/aviso-legal-politica-cookies\/\" \/>\n<meta property=\"og:locale\" content=\"es_ES\" \/>\n<meta property=\"og:type\" content=\"article\" \/>\n<meta property=\"og:title\" content=\"Aviso legal y pol\u00edtica de cookies - Quicksalt\" \/>\n<meta property=\"og:description\" content=\"Pol\u00edtica de cookies y aviso legal de QuickSalt USA: Protegemos tu privacidad y garantizamos una navegaci\u00f3n segura en nuestro sitio web.\" \/>\n<meta property=\"og:url\" content=\"https:\/\/quicksaltusa.com\/es\/aviso-legal-politica-cookies\/\" \/>\n<meta property=\"og:site_name\" content=\"Quicksalt\" \/>\n<meta property=\"article:modified_time\" content=\"2023-11-07T14:25:50+00:00\" \/>\n<meta name=\"twitter:card\" content=\"summary_large_image\" \/>\n<meta name=\"twitter:label1\" content=\"Tiempo de lectura\">\n\t<meta name=\"twitter:data1\" content=\"9 minutos\">\n<script type=\"application\/ld+json\" class=\"yoast-schema-graph\">{\"@context\":\"https:\/\/schema.org\",\"@graph\":[{\"@type\":\"WebSite\",\"@id\":\"https:\/\/quicksaltusa.com\/#website\",\"url\":\"https:\/\/quicksaltusa.com\/\",\"name\":\"Quicksalt\",\"description\":\"\",\"potentialAction\":[{\"@type\":\"SearchAction\",\"target\":\"https:\/\/quicksaltusa.com\/?s={search_term_string}\",\"query-input\":\"required name=search_term_string\"}],\"inLanguage\":\"es\"},{\"@type\":\"WebPage\",\"@id\":\"https:\/\/quicksaltusa.com\/es\/aviso-legal-politica-cookies\/#webpage\",\"url\":\"https:\/\/quicksaltusa.com\/es\/aviso-legal-politica-cookies\/\",\"name\":\"Aviso legal y pol\\u00edtica de cookies - Quicksalt\",\"isPartOf\":{\"@id\":\"https:\/\/quicksaltusa.com\/#website\"},\"datePublished\":\"2020-12-11T11:44:32+00:00\",\"dateModified\":\"2023-11-07T14:25:50+00:00\",\"description\":\"Pol\\u00edtica de cookies y aviso legal de QuickSalt USA: Protegemos tu privacidad y garantizamos una navegaci\\u00f3n segura en nuestro sitio web.\",\"breadcrumb\":{\"@id\":\"https:\/\/quicksaltusa.com\/es\/aviso-legal-politica-cookies\/#breadcrumb\"},\"inLanguage\":\"es\",\"potentialAction\":[{\"@type\":\"ReadAction\",\"target\":[\"https:\/\/quicksaltusa.com\/es\/aviso-legal-politica-cookies\/\"]}]},{\"@type\":\"BreadcrumbList\",\"@id\":\"https:\/\/quicksaltusa.com\/es\/aviso-legal-politica-cookies\/#breadcrumb\",\"itemListElement\":[{\"@type\":\"ListItem\",\"position\":1,\"item\":{\"@type\":\"WebPage\",\"@id\":\"https:\/\/quicksaltusa.com\/es\/\",\"url\":\"https:\/\/quicksaltusa.com\/es\/\",\"name\":\"Portada\"}},{\"@type\":\"ListItem\",\"position\":2,\"item\":{\"@type\":\"WebPage\",\"@id\":\"https:\/\/quicksaltusa.com\/es\/aviso-legal-politica-cookies\/\",\"url\":\"https:\/\/quicksaltusa.com\/es\/aviso-legal-politica-cookies\/\",\"name\":\"Aviso legal y pol\\u00edtica de cookies\"}}]}]}<\/script>\n<!-- \/ Yoast SEO plugin. -->","_links":{"self":[{"href":"https:\/\/quicksaltusa.com\/es\/wp-json\/wp\/v2\/pages\/3"}],"collection":[{"href":"https:\/\/quicksaltusa.com\/es\/wp-json\/wp\/v2\/pages"}],"about":[{"href":"https:\/\/quicksaltusa.com\/es\/wp-json\/wp\/v2\/types\/page"}],"author":[{"embeddable":true,"href":"https:\/\/quicksaltusa.com\/es\/wp-json\/wp\/v2\/users\/1"}],"replies":[{"embeddable":true,"href":"https:\/\/quicksaltusa.com\/es\/wp-json\/wp\/v2\/comments?post=3"}],"version-history":[{"count":6,"href":"https:\/\/quicksaltusa.com\/es\/wp-json\/wp\/v2\/pages\/3\/revisions"}],"predecessor-version":[{"id":294,"href":"https:\/\/quicksaltusa.com\/es\/wp-json\/wp\/v2\/pages\/3\/revisions\/294"}],"wp:attachment":[{"href":"https:\/\/quicksaltusa.com\/es\/wp-json\/wp\/v2\/media?parent=3"}],"curies":[{"name":"wp","href":"https:\/\/api.w.org\/{rel}","templated":true}]}}